{"id":963,"date":"2022-01-17T13:37:45","date_gmt":"2022-01-17T13:37:45","guid":{"rendered":"https:\/\/hisiroglu.com.tr\/index.php\/urun\/harnut-keci-boynuzu-pekmezi\/"},"modified":"2022-01-17T13:37:58","modified_gmt":"2022-01-17T13:37:58","slug":"harnut-keci-boynuzu-pekmezi","status":"publish","type":"product","link":"https:\/\/hisiroglu.com.tr\/index.php\/urun\/harnut-keci-boynuzu-pekmezi\/","title":{"rendered":"Harnut (Ke\u00e7i Boynuzu) Pekmezi"},"content":{"rendered":"","protected":false},"excerpt":{"rendered":"","protected":false},"featured_media":964,"comment_status":"closed","ping_status":"open","template":"","meta":[],"product_cat":[40],"product_tag":[],"class_list":["post-963","product","type-product","status-publish","has-post-thumbnail","hentry","product_cat-marmelatlar-pekmezler","pa_marka-ganik-lokum"],"yoast_head":"<!-- This site is optimized with the Yoast SEO plugin v18.2 - https:\/\/yoast.com\/wordpress\/plugins\/seo\/ -->\n<title>Harnut (Ke\u00e7i Boynuzu) Pekmezi - H\u0131\u015f\u0131ro\u011flu<\/title>\n<meta name=\"robots\" content=\"index, follow, max-snippet:-1, max-image-preview:large, max-video-preview:-1\" \/>\n<link rel=\"canonical\" href=\"https:\/\/hisiroglu.com.tr\/index.php\/urun\/harnut-keci-boynuzu-pekmezi\/\" \/>\n<meta property=\"og:locale\" content=\"tr_TR\" \/>\n<meta property=\"og:type\" content=\"article\" \/>\n<meta property=\"og:title\" content=\"Harnut (Ke\u00e7i Boynuzu) Pekmezi - H\u0131\u015f\u0131ro\u011flu\" \/>\n<meta property=\"og:url\" content=\"https:\/\/hisiroglu.com.tr\/index.php\/urun\/harnut-keci-boynuzu-pekmezi\/\" \/>\n<meta property=\"og:site_name\" content=\"H\u0131\u015f\u0131ro\u011flu\" \/>\n<meta property=\"article:modified_time\" content=\"2022-01-17T13:37:58+00:00\" \/>\n<meta property=\"og:image\" content=\"https:\/\/hisiroglu.com.tr\/wp-content\/uploads\/2022\/01\/07d22d23a4b6d8279be3317ad1a74cfc.jpg\" \/>\n\t<meta property=\"og:image:width\" content=\"1000\" \/>\n\t<meta property=\"og:image:height\" content=\"1000\" \/>\n\t<meta property=\"og:image:type\" content=\"image\/jpeg\" \/>\n<meta name=\"twitter:card\" content=\"summary_large_image\" \/>\n<script type=\"application\/ld+json\" class=\"yoast-schema-graph\">{\"@context\":\"https:\/\/schema.org\",\"@graph\":[{\"@type\":\"WebSite\",\"@id\":\"https:\/\/hisiroglu.com.tr\/#website\",\"url\":\"https:\/\/hisiroglu.com.tr\/\",\"name\":\"H\u0131\u015f\u0131ro\u011flu\",\"description\":\"Kuruyemi\u015f\",\"potentialAction\":[{\"@type\":\"SearchAction\",\"target\":{\"@type\":\"EntryPoint\",\"urlTemplate\":\"https:\/\/hisiroglu.com.tr\/?s={search_term_string}\"},\"query-input\":\"required name=search_term_string\"}],\"inLanguage\":\"tr\"},{\"@type\":\"ImageObject\",\"@id\":\"https:\/\/hisiroglu.com.tr\/index.php\/urun\/harnut-keci-boynuzu-pekmezi\/#primaryimage\",\"inLanguage\":\"tr\",\"url\":\"https:\/\/hisiroglu.com.tr\/wp-content\/uploads\/2022\/01\/07d22d23a4b6d8279be3317ad1a74cfc.jpg\",\"contentUrl\":\"https:\/\/hisiroglu.com.tr\/wp-content\/uploads\/2022\/01\/07d22d23a4b6d8279be3317ad1a74cfc.jpg\",\"width\":1000,\"height\":1000},{\"@type\":\"WebPage\",\"@id\":\"https:\/\/hisiroglu.com.tr\/index.php\/urun\/harnut-keci-boynuzu-pekmezi\/#webpage\",\"url\":\"https:\/\/hisiroglu.com.tr\/index.php\/urun\/harnut-keci-boynuzu-pekmezi\/\",\"name\":\"Harnut (Ke\u00e7i Boynuzu) Pekmezi - H\u0131\u015f\u0131ro\u011flu\",\"isPartOf\":{\"@id\":\"https:\/\/hisiroglu.com.tr\/#website\"},\"primaryImageOfPage\":{\"@id\":\"https:\/\/hisiroglu.com.tr\/index.php\/urun\/harnut-keci-boynuzu-pekmezi\/#primaryimage\"},\"datePublished\":\"2022-01-17T13:37:45+00:00\",\"dateModified\":\"2022-01-17T13:37:58+00:00\",\"breadcrumb\":{\"@id\":\"https:\/\/hisiroglu.com.tr\/index.php\/urun\/harnut-keci-boynuzu-pekmezi\/#breadcrumb\"},\"inLanguage\":\"tr\",\"potentialAction\":[{\"@type\":\"ReadAction\",\"target\":[\"https:\/\/hisiroglu.com.tr\/index.php\/urun\/harnut-keci-boynuzu-pekmezi\/\"]}]},{\"@type\":\"BreadcrumbList\",\"@id\":\"https:\/\/hisiroglu.com.tr\/index.php\/urun\/harnut-keci-boynuzu-pekmezi\/#breadcrumb\",\"itemListElement\":[{\"@type\":\"ListItem\",\"position\":1,\"name\":\"Anasayfa\",\"item\":\"https:\/\/hisiroglu.com.tr\/\"},{\"@type\":\"ListItem\",\"position\":2,\"name\":\"\u00dcr\u00fcnler\",\"item\":\"https:\/\/hisiroglu.com.tr\/index.php\/shop\/\"},{\"@type\":\"ListItem\",\"position\":3,\"name\":\"Harnut (Ke\u00e7i Boynuzu) Pekmezi\"}]}]}<\/script>\n<!-- \/ Yoast SEO plugin. -->","yoast_head_json":{"title":"Harnut (Ke\u00e7i Boynuzu) Pekmezi - H\u0131\u015f\u0131ro\u011flu","robots":{"index":"index","follow":"follow","max-snippet":"max-snippet:-1","max-image-preview":"max-image-preview:large","max-video-preview":"max-video-preview:-1"},"canonical":"https:\/\/hisiroglu.com.tr\/index.php\/urun\/harnut-keci-boynuzu-pekmezi\/","og_locale":"tr_TR","og_type":"article","og_title":"Harnut (Ke\u00e7i Boynuzu) Pekmezi - H\u0131\u015f\u0131ro\u011flu","og_url":"https:\/\/hisiroglu.com.tr\/index.php\/urun\/harnut-keci-boynuzu-pekmezi\/","og_site_name":"H\u0131\u015f\u0131ro\u011flu","article_modified_time":"2022-01-17T13:37:58+00:00","og_image":[{"width":1000,"height":1000,"url":"https:\/\/hisiroglu.com.tr\/wp-content\/uploads\/2022\/01\/07d22d23a4b6d8279be3317ad1a74cfc.jpg","type":"image\/jpeg"}],"twitter_card":"summary_large_image","schema":{"@context":"https:\/\/schema.org","@graph":[{"@type":"WebSite","@id":"https:\/\/hisiroglu.com.tr\/#website","url":"https:\/\/hisiroglu.com.tr\/","name":"H\u0131\u015f\u0131ro\u011flu","description":"Kuruyemi\u015f","potentialAction":[{"@type":"SearchAction","target":{"@type":"EntryPoint","urlTemplate":"https:\/\/hisiroglu.com.tr\/?s={search_term_string}"},"query-input":"required name=search_term_string"}],"inLanguage":"tr"},{"@type":"ImageObject","@id":"https:\/\/hisiroglu.com.tr\/index.php\/urun\/harnut-keci-boynuzu-pekmezi\/#primaryimage","inLanguage":"tr","url":"https:\/\/hisiroglu.com.tr\/wp-content\/uploads\/2022\/01\/07d22d23a4b6d8279be3317ad1a74cfc.jpg","contentUrl":"https:\/\/hisiroglu.com.tr\/wp-content\/uploads\/2022\/01\/07d22d23a4b6d8279be3317ad1a74cfc.jpg","width":1000,"height":1000},{"@type":"WebPage","@id":"https:\/\/hisiroglu.com.tr\/index.php\/urun\/harnut-keci-boynuzu-pekmezi\/#webpage","url":"https:\/\/hisiroglu.com.tr\/index.php\/urun\/harnut-keci-boynuzu-pekmezi\/","name":"Harnut (Ke\u00e7i Boynuzu) Pekmezi - H\u0131\u015f\u0131ro\u011flu","isPartOf":{"@id":"https:\/\/hisiroglu.com.tr\/#website"},"primaryImageOfPage":{"@id":"https:\/\/hisiroglu.com.tr\/index.php\/urun\/harnut-keci-boynuzu-pekmezi\/#primaryimage"},"datePublished":"2022-01-17T13:37:45+00:00","dateModified":"2022-01-17T13:37:58+00:00","breadcrumb":{"@id":"https:\/\/hisiroglu.com.tr\/index.php\/urun\/harnut-keci-boynuzu-pekmezi\/#breadcrumb"},"inLanguage":"tr","potentialAction":[{"@type":"ReadAction","target":["https:\/\/hisiroglu.com.tr\/index.php\/urun\/harnut-keci-boynuzu-pekmezi\/"]}]},{"@type":"BreadcrumbList","@id":"https:\/\/hisiroglu.com.tr\/index.php\/urun\/harnut-keci-boynuzu-pekmezi\/#breadcrumb","itemListElement":[{"@type":"ListItem","position":1,"name":"Anasayfa","item":"https:\/\/hisiroglu.com.tr\/"},{"@type":"ListItem","position":2,"name":"\u00dcr\u00fcnler","item":"https:\/\/hisiroglu.com.tr\/index.php\/shop\/"},{"@type":"ListItem","position":3,"name":"Harnut (Ke\u00e7i Boynuzu) Pekmezi"}]}]}},"_links":{"self":[{"href":"https:\/\/hisiroglu.com.tr\/index.php\/wp-json\/wp\/v2\/product\/963","targetHints":{"allow":["GET"]}}],"collection":[{"href":"https:\/\/hisiroglu.com.tr\/index.php\/wp-json\/wp\/v2\/product"}],"about":[{"href":"https:\/\/hisiroglu.com.tr\/index.php\/wp-json\/wp\/v2\/types\/product"}],"replies":[{"embeddable":true,"href":"https:\/\/hisiroglu.com.tr\/index.php\/wp-json\/wp\/v2\/comments?post=963"}],"wp:featuredmedia":[{"embeddable":true,"href":"https:\/\/hisiroglu.com.tr\/index.php\/wp-json\/wp\/v2\/media\/964"}],"wp:attachment":[{"href":"https:\/\/hisiroglu.com.tr\/index.php\/wp-json\/wp\/v2\/media?parent=963"}],"wp:term":[{"taxonomy":"product_cat","embeddable":true,"href":"https:\/\/hisiroglu.com.tr\/index.php\/wp-json\/wp\/v2\/product_cat?post=963"},{"taxonomy":"product_tag","embeddable":true,"href":"https:\/\/hisiroglu.com.tr\/index.php\/wp-json\/wp\/v2\/product_tag?post=963"}],"curies":[{"name":"wp","href":"https:\/\/api.w.org\/{rel}","templated":true}]}}