{"id":925,"date":"2022-01-17T13:36:58","date_gmt":"2022-01-17T13:36:58","guid":{"rendered":"https:\/\/hisiroglu.com.tr\/index.php\/urun\/lux-atom-karisik\/"},"modified":"2022-01-17T13:37:18","modified_gmt":"2022-01-17T13:37:18","slug":"lux-atom-karisik","status":"publish","type":"product","link":"https:\/\/hisiroglu.com.tr\/index.php\/urun\/lux-atom-karisik\/","title":{"rendered":"L\u00fcx Atom Kar\u0131\u015f\u0131k"},"content":{"rendered":"","protected":false},"excerpt":{"rendered":"","protected":false},"featured_media":926,"comment_status":"closed","ping_status":"open","template":"","meta":[],"product_cat":[39],"product_tag":[],"class_list":["post-925","product","type-product","status-publish","has-post-thumbnail","hentry","product_cat-karisik-kuruyemisler","pa_marka-hisiroglu-kuruyemis"],"yoast_head":"<!-- This site is optimized with the Yoast SEO plugin v18.2 - https:\/\/yoast.com\/wordpress\/plugins\/seo\/ -->\n<title>L\u00fcx Atom Kar\u0131\u015f\u0131k - H\u0131\u015f\u0131ro\u011flu<\/title>\n<meta name=\"robots\" content=\"index, follow, max-snippet:-1, max-image-preview:large, max-video-preview:-1\" \/>\n<link rel=\"canonical\" href=\"https:\/\/hisiroglu.com.tr\/index.php\/urun\/lux-atom-karisik\/\" \/>\n<meta property=\"og:locale\" content=\"tr_TR\" \/>\n<meta property=\"og:type\" content=\"article\" \/>\n<meta property=\"og:title\" content=\"L\u00fcx Atom Kar\u0131\u015f\u0131k - H\u0131\u015f\u0131ro\u011flu\" \/>\n<meta property=\"og:url\" content=\"https:\/\/hisiroglu.com.tr\/index.php\/urun\/lux-atom-karisik\/\" \/>\n<meta property=\"og:site_name\" content=\"H\u0131\u015f\u0131ro\u011flu\" \/>\n<meta property=\"article:modified_time\" content=\"2022-01-17T13:37:18+00:00\" \/>\n<meta property=\"og:image\" content=\"https:\/\/hisiroglu.com.tr\/wp-content\/uploads\/2022\/01\/61eb2a7d2695c5bfc56a6562a2e604b4.jpg\" \/>\n\t<meta property=\"og:image:width\" content=\"1200\" \/>\n\t<meta property=\"og:image:height\" content=\"1200\" \/>\n\t<meta property=\"og:image:type\" content=\"image\/jpeg\" \/>\n<meta name=\"twitter:card\" content=\"summary_large_image\" \/>\n<script type=\"application\/ld+json\" class=\"yoast-schema-graph\">{\"@context\":\"https:\/\/schema.org\",\"@graph\":[{\"@type\":\"WebSite\",\"@id\":\"https:\/\/hisiroglu.com.tr\/#website\",\"url\":\"https:\/\/hisiroglu.com.tr\/\",\"name\":\"H\u0131\u015f\u0131ro\u011flu\",\"description\":\"Kuruyemi\u015f\",\"potentialAction\":[{\"@type\":\"SearchAction\",\"target\":{\"@type\":\"EntryPoint\",\"urlTemplate\":\"https:\/\/hisiroglu.com.tr\/?s={search_term_string}\"},\"query-input\":\"required name=search_term_string\"}],\"inLanguage\":\"tr\"},{\"@type\":\"ImageObject\",\"@id\":\"https:\/\/hisiroglu.com.tr\/index.php\/urun\/lux-atom-karisik\/#primaryimage\",\"inLanguage\":\"tr\",\"url\":\"https:\/\/hisiroglu.com.tr\/wp-content\/uploads\/2022\/01\/61eb2a7d2695c5bfc56a6562a2e604b4.jpg\",\"contentUrl\":\"https:\/\/hisiroglu.com.tr\/wp-content\/uploads\/2022\/01\/61eb2a7d2695c5bfc56a6562a2e604b4.jpg\",\"width\":1200,\"height\":1200},{\"@type\":\"WebPage\",\"@id\":\"https:\/\/hisiroglu.com.tr\/index.php\/urun\/lux-atom-karisik\/#webpage\",\"url\":\"https:\/\/hisiroglu.com.tr\/index.php\/urun\/lux-atom-karisik\/\",\"name\":\"L\u00fcx Atom Kar\u0131\u015f\u0131k - H\u0131\u015f\u0131ro\u011flu\",\"isPartOf\":{\"@id\":\"https:\/\/hisiroglu.com.tr\/#website\"},\"primaryImageOfPage\":{\"@id\":\"https:\/\/hisiroglu.com.tr\/index.php\/urun\/lux-atom-karisik\/#primaryimage\"},\"datePublished\":\"2022-01-17T13:36:58+00:00\",\"dateModified\":\"2022-01-17T13:37:18+00:00\",\"breadcrumb\":{\"@id\":\"https:\/\/hisiroglu.com.tr\/index.php\/urun\/lux-atom-karisik\/#breadcrumb\"},\"inLanguage\":\"tr\",\"potentialAction\":[{\"@type\":\"ReadAction\",\"target\":[\"https:\/\/hisiroglu.com.tr\/index.php\/urun\/lux-atom-karisik\/\"]}]},{\"@type\":\"BreadcrumbList\",\"@id\":\"https:\/\/hisiroglu.com.tr\/index.php\/urun\/lux-atom-karisik\/#breadcrumb\",\"itemListElement\":[{\"@type\":\"ListItem\",\"position\":1,\"name\":\"Anasayfa\",\"item\":\"https:\/\/hisiroglu.com.tr\/\"},{\"@type\":\"ListItem\",\"position\":2,\"name\":\"\u00dcr\u00fcnler\",\"item\":\"https:\/\/hisiroglu.com.tr\/index.php\/shop\/\"},{\"@type\":\"ListItem\",\"position\":3,\"name\":\"L\u00fcx Atom Kar\u0131\u015f\u0131k\"}]}]}<\/script>\n<!-- \/ Yoast SEO plugin. -->","yoast_head_json":{"title":"L\u00fcx Atom Kar\u0131\u015f\u0131k - H\u0131\u015f\u0131ro\u011flu","robots":{"index":"index","follow":"follow","max-snippet":"max-snippet:-1","max-image-preview":"max-image-preview:large","max-video-preview":"max-video-preview:-1"},"canonical":"https:\/\/hisiroglu.com.tr\/index.php\/urun\/lux-atom-karisik\/","og_locale":"tr_TR","og_type":"article","og_title":"L\u00fcx Atom Kar\u0131\u015f\u0131k - H\u0131\u015f\u0131ro\u011flu","og_url":"https:\/\/hisiroglu.com.tr\/index.php\/urun\/lux-atom-karisik\/","og_site_name":"H\u0131\u015f\u0131ro\u011flu","article_modified_time":"2022-01-17T13:37:18+00:00","og_image":[{"width":1200,"height":1200,"url":"https:\/\/hisiroglu.com.tr\/wp-content\/uploads\/2022\/01\/61eb2a7d2695c5bfc56a6562a2e604b4.jpg","type":"image\/jpeg"}],"twitter_card":"summary_large_image","schema":{"@context":"https:\/\/schema.org","@graph":[{"@type":"WebSite","@id":"https:\/\/hisiroglu.com.tr\/#website","url":"https:\/\/hisiroglu.com.tr\/","name":"H\u0131\u015f\u0131ro\u011flu","description":"Kuruyemi\u015f","potentialAction":[{"@type":"SearchAction","target":{"@type":"EntryPoint","urlTemplate":"https:\/\/hisiroglu.com.tr\/?s={search_term_string}"},"query-input":"required name=search_term_string"}],"inLanguage":"tr"},{"@type":"ImageObject","@id":"https:\/\/hisiroglu.com.tr\/index.php\/urun\/lux-atom-karisik\/#primaryimage","inLanguage":"tr","url":"https:\/\/hisiroglu.com.tr\/wp-content\/uploads\/2022\/01\/61eb2a7d2695c5bfc56a6562a2e604b4.jpg","contentUrl":"https:\/\/hisiroglu.com.tr\/wp-content\/uploads\/2022\/01\/61eb2a7d2695c5bfc56a6562a2e604b4.jpg","width":1200,"height":1200},{"@type":"WebPage","@id":"https:\/\/hisiroglu.com.tr\/index.php\/urun\/lux-atom-karisik\/#webpage","url":"https:\/\/hisiroglu.com.tr\/index.php\/urun\/lux-atom-karisik\/","name":"L\u00fcx Atom Kar\u0131\u015f\u0131k - H\u0131\u015f\u0131ro\u011flu","isPartOf":{"@id":"https:\/\/hisiroglu.com.tr\/#website"},"primaryImageOfPage":{"@id":"https:\/\/hisiroglu.com.tr\/index.php\/urun\/lux-atom-karisik\/#primaryimage"},"datePublished":"2022-01-17T13:36:58+00:00","dateModified":"2022-01-17T13:37:18+00:00","breadcrumb":{"@id":"https:\/\/hisiroglu.com.tr\/index.php\/urun\/lux-atom-karisik\/#breadcrumb"},"inLanguage":"tr","potentialAction":[{"@type":"ReadAction","target":["https:\/\/hisiroglu.com.tr\/index.php\/urun\/lux-atom-karisik\/"]}]},{"@type":"BreadcrumbList","@id":"https:\/\/hisiroglu.com.tr\/index.php\/urun\/lux-atom-karisik\/#breadcrumb","itemListElement":[{"@type":"ListItem","position":1,"name":"Anasayfa","item":"https:\/\/hisiroglu.com.tr\/"},{"@type":"ListItem","position":2,"name":"\u00dcr\u00fcnler","item":"https:\/\/hisiroglu.com.tr\/index.php\/shop\/"},{"@type":"ListItem","position":3,"name":"L\u00fcx Atom Kar\u0131\u015f\u0131k"}]}]}},"_links":{"self":[{"href":"https:\/\/hisiroglu.com.tr\/index.php\/wp-json\/wp\/v2\/product\/925","targetHints":{"allow":["GET"]}}],"collection":[{"href":"https:\/\/hisiroglu.com.tr\/index.php\/wp-json\/wp\/v2\/product"}],"about":[{"href":"https:\/\/hisiroglu.com.tr\/index.php\/wp-json\/wp\/v2\/types\/product"}],"replies":[{"embeddable":true,"href":"https:\/\/hisiroglu.com.tr\/index.php\/wp-json\/wp\/v2\/comments?post=925"}],"wp:featuredmedia":[{"embeddable":true,"href":"https:\/\/hisiroglu.com.tr\/index.php\/wp-json\/wp\/v2\/media\/926"}],"wp:attachment":[{"href":"https:\/\/hisiroglu.com.tr\/index.php\/wp-json\/wp\/v2\/media?parent=925"}],"wp:term":[{"taxonomy":"product_cat","embeddable":true,"href":"https:\/\/hisiroglu.com.tr\/index.php\/wp-json\/wp\/v2\/product_cat?post=925"},{"taxonomy":"product_tag","embeddable":true,"href":"https:\/\/hisiroglu.com.tr\/index.php\/wp-json\/wp\/v2\/product_tag?post=925"}],"curies":[{"name":"wp","href":"https:\/\/api.w.org\/{rel}","templated":true}]}}