{"id":706,"date":"2022-01-17T13:20:28","date_gmt":"2022-01-17T13:20:28","guid":{"rendered":"https:\/\/hisiroglu.com.tr\/index.php\/urun\/agin-leblebi\/"},"modified":"2022-01-17T13:21:07","modified_gmt":"2022-01-17T13:21:07","slug":"agin-leblebi","status":"publish","type":"product","link":"https:\/\/hisiroglu.com.tr\/index.php\/urun\/agin-leblebi\/","title":{"rendered":"A\u011f\u0131n Leblebi"},"content":{"rendered":"","protected":false},"excerpt":{"rendered":"","protected":false},"featured_media":707,"comment_status":"closed","ping_status":"open","template":"","meta":[],"product_cat":[23],"product_tag":[],"class_list":["post-706","product","type-product","status-publish","has-post-thumbnail","hentry","product_cat-leblebi","pa_marka-hisiroglu-kuruyemis"],"yoast_head":"<!-- This site is optimized with the Yoast SEO plugin v18.2 - https:\/\/yoast.com\/wordpress\/plugins\/seo\/ -->\n<title>A\u011f\u0131n Leblebi - H\u0131\u015f\u0131ro\u011flu<\/title>\n<meta name=\"robots\" content=\"index, follow, max-snippet:-1, max-image-preview:large, max-video-preview:-1\" \/>\n<link rel=\"canonical\" href=\"https:\/\/hisiroglu.com.tr\/index.php\/urun\/agin-leblebi\/\" \/>\n<meta property=\"og:locale\" content=\"tr_TR\" \/>\n<meta property=\"og:type\" content=\"article\" \/>\n<meta property=\"og:title\" content=\"A\u011f\u0131n Leblebi - H\u0131\u015f\u0131ro\u011flu\" \/>\n<meta property=\"og:url\" content=\"https:\/\/hisiroglu.com.tr\/index.php\/urun\/agin-leblebi\/\" \/>\n<meta property=\"og:site_name\" content=\"H\u0131\u015f\u0131ro\u011flu\" \/>\n<meta property=\"article:modified_time\" content=\"2022-01-17T13:21:07+00:00\" \/>\n<meta property=\"og:image\" content=\"https:\/\/hisiroglu.com.tr\/wp-content\/uploads\/2022\/01\/77fc041eb0cb62cb79596ac8ef819cd8.jpg\" \/>\n\t<meta property=\"og:image:width\" content=\"1500\" \/>\n\t<meta property=\"og:image:height\" content=\"1500\" \/>\n\t<meta property=\"og:image:type\" content=\"image\/jpeg\" \/>\n<meta name=\"twitter:card\" content=\"summary_large_image\" \/>\n<script type=\"application\/ld+json\" class=\"yoast-schema-graph\">{\"@context\":\"https:\/\/schema.org\",\"@graph\":[{\"@type\":\"WebSite\",\"@id\":\"https:\/\/hisiroglu.com.tr\/#website\",\"url\":\"https:\/\/hisiroglu.com.tr\/\",\"name\":\"H\u0131\u015f\u0131ro\u011flu\",\"description\":\"Kuruyemi\u015f\",\"potentialAction\":[{\"@type\":\"SearchAction\",\"target\":{\"@type\":\"EntryPoint\",\"urlTemplate\":\"https:\/\/hisiroglu.com.tr\/?s={search_term_string}\"},\"query-input\":\"required name=search_term_string\"}],\"inLanguage\":\"tr\"},{\"@type\":\"ImageObject\",\"@id\":\"https:\/\/hisiroglu.com.tr\/index.php\/urun\/agin-leblebi\/#primaryimage\",\"inLanguage\":\"tr\",\"url\":\"https:\/\/hisiroglu.com.tr\/wp-content\/uploads\/2022\/01\/77fc041eb0cb62cb79596ac8ef819cd8.jpg\",\"contentUrl\":\"https:\/\/hisiroglu.com.tr\/wp-content\/uploads\/2022\/01\/77fc041eb0cb62cb79596ac8ef819cd8.jpg\",\"width\":1500,\"height\":1500},{\"@type\":\"WebPage\",\"@id\":\"https:\/\/hisiroglu.com.tr\/index.php\/urun\/agin-leblebi\/#webpage\",\"url\":\"https:\/\/hisiroglu.com.tr\/index.php\/urun\/agin-leblebi\/\",\"name\":\"A\u011f\u0131n Leblebi - H\u0131\u015f\u0131ro\u011flu\",\"isPartOf\":{\"@id\":\"https:\/\/hisiroglu.com.tr\/#website\"},\"primaryImageOfPage\":{\"@id\":\"https:\/\/hisiroglu.com.tr\/index.php\/urun\/agin-leblebi\/#primaryimage\"},\"datePublished\":\"2022-01-17T13:20:28+00:00\",\"dateModified\":\"2022-01-17T13:21:07+00:00\",\"breadcrumb\":{\"@id\":\"https:\/\/hisiroglu.com.tr\/index.php\/urun\/agin-leblebi\/#breadcrumb\"},\"inLanguage\":\"tr\",\"potentialAction\":[{\"@type\":\"ReadAction\",\"target\":[\"https:\/\/hisiroglu.com.tr\/index.php\/urun\/agin-leblebi\/\"]}]},{\"@type\":\"BreadcrumbList\",\"@id\":\"https:\/\/hisiroglu.com.tr\/index.php\/urun\/agin-leblebi\/#breadcrumb\",\"itemListElement\":[{\"@type\":\"ListItem\",\"position\":1,\"name\":\"Anasayfa\",\"item\":\"https:\/\/hisiroglu.com.tr\/\"},{\"@type\":\"ListItem\",\"position\":2,\"name\":\"\u00dcr\u00fcnler\",\"item\":\"https:\/\/hisiroglu.com.tr\/index.php\/shop\/\"},{\"@type\":\"ListItem\",\"position\":3,\"name\":\"A\u011f\u0131n Leblebi\"}]}]}<\/script>\n<!-- \/ Yoast SEO plugin. -->","yoast_head_json":{"title":"A\u011f\u0131n Leblebi - H\u0131\u015f\u0131ro\u011flu","robots":{"index":"index","follow":"follow","max-snippet":"max-snippet:-1","max-image-preview":"max-image-preview:large","max-video-preview":"max-video-preview:-1"},"canonical":"https:\/\/hisiroglu.com.tr\/index.php\/urun\/agin-leblebi\/","og_locale":"tr_TR","og_type":"article","og_title":"A\u011f\u0131n Leblebi - H\u0131\u015f\u0131ro\u011flu","og_url":"https:\/\/hisiroglu.com.tr\/index.php\/urun\/agin-leblebi\/","og_site_name":"H\u0131\u015f\u0131ro\u011flu","article_modified_time":"2022-01-17T13:21:07+00:00","og_image":[{"width":1500,"height":1500,"url":"https:\/\/hisiroglu.com.tr\/wp-content\/uploads\/2022\/01\/77fc041eb0cb62cb79596ac8ef819cd8.jpg","type":"image\/jpeg"}],"twitter_card":"summary_large_image","schema":{"@context":"https:\/\/schema.org","@graph":[{"@type":"WebSite","@id":"https:\/\/hisiroglu.com.tr\/#website","url":"https:\/\/hisiroglu.com.tr\/","name":"H\u0131\u015f\u0131ro\u011flu","description":"Kuruyemi\u015f","potentialAction":[{"@type":"SearchAction","target":{"@type":"EntryPoint","urlTemplate":"https:\/\/hisiroglu.com.tr\/?s={search_term_string}"},"query-input":"required name=search_term_string"}],"inLanguage":"tr"},{"@type":"ImageObject","@id":"https:\/\/hisiroglu.com.tr\/index.php\/urun\/agin-leblebi\/#primaryimage","inLanguage":"tr","url":"https:\/\/hisiroglu.com.tr\/wp-content\/uploads\/2022\/01\/77fc041eb0cb62cb79596ac8ef819cd8.jpg","contentUrl":"https:\/\/hisiroglu.com.tr\/wp-content\/uploads\/2022\/01\/77fc041eb0cb62cb79596ac8ef819cd8.jpg","width":1500,"height":1500},{"@type":"WebPage","@id":"https:\/\/hisiroglu.com.tr\/index.php\/urun\/agin-leblebi\/#webpage","url":"https:\/\/hisiroglu.com.tr\/index.php\/urun\/agin-leblebi\/","name":"A\u011f\u0131n Leblebi - H\u0131\u015f\u0131ro\u011flu","isPartOf":{"@id":"https:\/\/hisiroglu.com.tr\/#website"},"primaryImageOfPage":{"@id":"https:\/\/hisiroglu.com.tr\/index.php\/urun\/agin-leblebi\/#primaryimage"},"datePublished":"2022-01-17T13:20:28+00:00","dateModified":"2022-01-17T13:21:07+00:00","breadcrumb":{"@id":"https:\/\/hisiroglu.com.tr\/index.php\/urun\/agin-leblebi\/#breadcrumb"},"inLanguage":"tr","potentialAction":[{"@type":"ReadAction","target":["https:\/\/hisiroglu.com.tr\/index.php\/urun\/agin-leblebi\/"]}]},{"@type":"BreadcrumbList","@id":"https:\/\/hisiroglu.com.tr\/index.php\/urun\/agin-leblebi\/#breadcrumb","itemListElement":[{"@type":"ListItem","position":1,"name":"Anasayfa","item":"https:\/\/hisiroglu.com.tr\/"},{"@type":"ListItem","position":2,"name":"\u00dcr\u00fcnler","item":"https:\/\/hisiroglu.com.tr\/index.php\/shop\/"},{"@type":"ListItem","position":3,"name":"A\u011f\u0131n Leblebi"}]}]}},"_links":{"self":[{"href":"https:\/\/hisiroglu.com.tr\/index.php\/wp-json\/wp\/v2\/product\/706","targetHints":{"allow":["GET"]}}],"collection":[{"href":"https:\/\/hisiroglu.com.tr\/index.php\/wp-json\/wp\/v2\/product"}],"about":[{"href":"https:\/\/hisiroglu.com.tr\/index.php\/wp-json\/wp\/v2\/types\/product"}],"replies":[{"embeddable":true,"href":"https:\/\/hisiroglu.com.tr\/index.php\/wp-json\/wp\/v2\/comments?post=706"}],"wp:featuredmedia":[{"embeddable":true,"href":"https:\/\/hisiroglu.com.tr\/index.php\/wp-json\/wp\/v2\/media\/707"}],"wp:attachment":[{"href":"https:\/\/hisiroglu.com.tr\/index.php\/wp-json\/wp\/v2\/media?parent=706"}],"wp:term":[{"taxonomy":"product_cat","embeddable":true,"href":"https:\/\/hisiroglu.com.tr\/index.php\/wp-json\/wp\/v2\/product_cat?post=706"},{"taxonomy":"product_tag","embeddable":true,"href":"https:\/\/hisiroglu.com.tr\/index.php\/wp-json\/wp\/v2\/product_tag?post=706"}],"curies":[{"name":"wp","href":"https:\/\/api.w.org\/{rel}","templated":true}]}}