{"id":63,"date":"2021-03-31T12:15:02","date_gmt":"2021-03-31T12:15:02","guid":{"rendered":"https:\/\/themes.muffingroup.com\/be\/tea4_el\/?page_id=63"},"modified":"2022-03-07T10:00:45","modified_gmt":"2022-03-07T10:00:45","slug":"hakkimizda","status":"publish","type":"page","link":"https:\/\/hisiroglu.com.tr\/index.php\/hakkimizda\/","title":{"rendered":"Hakk\u0131m\u0131zda"},"content":{"rendered":"\t\t<div data-elementor-type=\"wp-page\" data-elementor-id=\"63\" class=\"elementor elementor-63\" data-elementor-settings=\"[]\">\n\t\t\t\t\t\t\t<div class=\"elementor-section-wrap\">\n\t\t\t\t\t\t\t<section class=\"elementor-section elementor-top-section elementor-element elementor-element-c9e1a35 elementor-section-stretched elementor-section-boxed elementor-section-height-default elementor-section-height-default\" data-id=\"c9e1a35\" data-element_type=\"section\" data-settings=\"{&quot;stretch_section&quot;:&quot;section-stretched&quot;,&quot;background_background&quot;:&quot;classic&quot;,&quot;ekit_has_onepagescroll_dot&quot;:&quot;yes&quot;}\">\n\t\t\t\t\t\t\t<div class=\"elementor-background-overlay\"><\/div>\n\t\t\t\t\t\t\t<div class=\"elementor-container elementor-column-gap-wider\">\n\t\t\t\t\t<div class=\"elementor-column elementor-col-100 elementor-top-column elementor-element elementor-element-e537728\" data-id=\"e537728\" data-element_type=\"column\">\n\t\t\t<div class=\"elementor-widget-wrap elementor-element-populated\">\n\t\t\t\t\t\t\t\t<div class=\"elementor-element elementor-element-0287ba6 elementor-widget elementor-widget-spacer\" data-id=\"0287ba6\" data-element_type=\"widget\" data-settings=\"{&quot;ekit_we_effect_on&quot;:&quot;none&quot;}\" data-widget_type=\"spacer.default\">\n\t\t\t\t<div class=\"elementor-widget-container\">\n\t\t\t\t\t<div class=\"elementor-spacer\">\n\t\t\t<div class=\"elementor-spacer-inner\"><\/div>\n\t\t<\/div>\n\t\t\t\t<\/div>\n\t\t\t\t<\/div>\n\t\t\t\t<section class=\"elementor-section elementor-inner-section elementor-element elementor-element-23ed858 elementor-section-boxed elementor-section-height-default elementor-section-height-default\" data-id=\"23ed858\" data-element_type=\"section\" data-settings=\"{&quot;ekit_has_onepagescroll_dot&quot;:&quot;yes&quot;}\">\n\t\t\t\t\t\t<div class=\"elementor-container elementor-column-gap-default\">\n\t\t\t\t\t<div class=\"elementor-column elementor-col-100 elementor-inner-column elementor-element elementor-element-370b1a7\" data-id=\"370b1a7\" data-element_type=\"column\">\n\t\t\t<div class=\"elementor-widget-wrap elementor-element-populated\">\n\t\t\t\t\t\t\t\t<div class=\"elementor-element elementor-element-592d1aa elementor-widget elementor-widget-text-editor\" data-id=\"592d1aa\" data-element_type=\"widget\" data-settings=\"{&quot;ekit_we_effect_on&quot;:&quot;none&quot;}\" data-widget_type=\"text-editor.default\">\n\t\t\t\t<div class=\"elementor-widget-container\">\n\t\t\t<style>\/*! elementor - v3.5.3 - 28-12-2021 *\/\n.elementor-widget-text-editor.elementor-drop-cap-view-stacked .elementor-drop-cap{background-color:#818a91;color:#fff}.elementor-widget-text-editor.elementor-drop-cap-view-framed .elementor-drop-cap{color:#818a91;border:3px solid;background-color:transparent}.elementor-widget-text-editor:not(.elementor-drop-cap-view-default) .elementor-drop-cap{margin-top:8px}.elementor-widget-text-editor:not(.elementor-drop-cap-view-default) .elementor-drop-cap-letter{width:1em;height:1em}.elementor-widget-text-editor .elementor-drop-cap{float:left;text-align:center;line-height:1;font-size:50px}.elementor-widget-text-editor .elementor-drop-cap-letter{display:inline-block}<\/style>\t\t\t\t<p><strong><span style=\"color: #ffffff;\">KURUMSAL<\/span><\/strong><\/p>\t\t\t\t\t\t<\/div>\n\t\t\t\t<\/div>\n\t\t\t\t\t<\/div>\n\t\t<\/div>\n\t\t\t\t\t\t\t<\/div>\n\t\t<\/section>\n\t\t\t\t\t<\/div>\n\t\t<\/div>\n\t\t\t\t\t\t\t<\/div>\n\t\t<\/section>\n\t\t\t\t<section class=\"elementor-section elementor-top-section elementor-element elementor-element-eebd04e elementor-section-full_width elementor-section-stretched elementor-section-height-default elementor-section-height-default\" data-id=\"eebd04e\" data-element_type=\"section\" data-settings=\"{&quot;stretch_section&quot;:&quot;section-stretched&quot;,&quot;background_background&quot;:&quot;classic&quot;,&quot;ekit_has_onepagescroll_dot&quot;:&quot;yes&quot;}\">\n\t\t\t\t\t\t\t<div class=\"elementor-background-overlay\"><\/div>\n\t\t\t\t\t\t\t<div class=\"elementor-container elementor-column-gap-no\">\n\t\t\t\t\t<div class=\"elementor-column elementor-col-100 elementor-top-column elementor-element elementor-element-4db9770\" data-id=\"4db9770\" data-element_type=\"column\">\n\t\t\t<div class=\"elementor-widget-wrap elementor-element-populated\">\n\t\t\t\t\t\t\t\t<section class=\"elementor-section elementor-inner-section elementor-element elementor-element-ef3fe4a elementor-section-full_width elementor-section-height-default elementor-section-height-default\" data-id=\"ef3fe4a\" data-element_type=\"section\" data-settings=\"{&quot;ekit_has_onepagescroll_dot&quot;:&quot;yes&quot;}\">\n\t\t\t\t\t\t<div class=\"elementor-container elementor-column-gap-no\">\n\t\t\t\t\t<div class=\"elementor-column elementor-col-50 elementor-inner-column elementor-element elementor-element-1f4e6cd elementor-hidden-mobile\" data-id=\"1f4e6cd\" data-element_type=\"column\" data-settings=\"{&quot;background_background&quot;:&quot;classic&quot;}\">\n\t\t\t<div class=\"elementor-widget-wrap elementor-element-populated\">\n\t\t\t\t\t\t\t\t<div class=\"elementor-element elementor-element-5230b8c elementor-widget elementor-widget-spacer\" data-id=\"5230b8c\" data-element_type=\"widget\" data-settings=\"{&quot;ekit_we_effect_on&quot;:&quot;none&quot;}\" data-widget_type=\"spacer.default\">\n\t\t\t\t<div class=\"elementor-widget-container\">\n\t\t\t\t\t<div class=\"elementor-spacer\">\n\t\t\t<div class=\"elementor-spacer-inner\"><\/div>\n\t\t<\/div>\n\t\t\t\t<\/div>\n\t\t\t\t<\/div>\n\t\t\t\t\t<\/div>\n\t\t<\/div>\n\t\t\t\t<div class=\"elementor-column elementor-col-50 elementor-inner-column elementor-element elementor-element-2960747\" data-id=\"2960747\" data-element_type=\"column\">\n\t\t\t<div class=\"elementor-widget-wrap elementor-element-populated\">\n\t\t\t\t\t\t\t\t<div class=\"elementor-element elementor-element-770b62f elementor-widget elementor-widget-spacer\" data-id=\"770b62f\" data-element_type=\"widget\" data-settings=\"{&quot;ekit_we_effect_on&quot;:&quot;none&quot;}\" data-widget_type=\"spacer.default\">\n\t\t\t\t<div class=\"elementor-widget-container\">\n\t\t\t\t\t<div class=\"elementor-spacer\">\n\t\t\t<div class=\"elementor-spacer-inner\"><\/div>\n\t\t<\/div>\n\t\t\t\t<\/div>\n\t\t\t\t<\/div>\n\t\t\t\t<div class=\"elementor-element elementor-element-148d898 elementor-widget elementor-widget-text-editor\" data-id=\"148d898\" data-element_type=\"widget\" data-settings=\"{&quot;ekit_we_effect_on&quot;:&quot;none&quot;}\" data-widget_type=\"text-editor.default\">\n\t\t\t\t<div class=\"elementor-widget-container\">\n\t\t\t\t\t\t\t<h2><strong>H\u0131\u015f\u0131ro\u011flu Hakk\u0131nda<\/strong><\/h2>\t\t\t\t\t\t<\/div>\n\t\t\t\t<\/div>\n\t\t\t\t<div class=\"elementor-element elementor-element-26c7636 elementor-widget elementor-widget-spacer\" data-id=\"26c7636\" data-element_type=\"widget\" data-settings=\"{&quot;ekit_we_effect_on&quot;:&quot;none&quot;}\" data-widget_type=\"spacer.default\">\n\t\t\t\t<div class=\"elementor-widget-container\">\n\t\t\t\t\t<div class=\"elementor-spacer\">\n\t\t\t<div class=\"elementor-spacer-inner\"><\/div>\n\t\t<\/div>\n\t\t\t\t<\/div>\n\t\t\t\t<\/div>\n\t\t\t\t<div class=\"elementor-element elementor-element-56f71b5 elementor-widget elementor-widget-text-editor\" data-id=\"56f71b5\" data-element_type=\"widget\" data-settings=\"{&quot;ekit_we_effect_on&quot;:&quot;none&quot;}\" data-widget_type=\"text-editor.default\">\n\t\t\t\t<div class=\"elementor-widget-container\">\n\t\t\t\t\t\t\t<p><strong>H\u0131\u015f\u0131ro\u011flu Kuruyemi\u015f<\/strong> 1954 y\u0131l\u0131nda Hac\u0131 \u0130smet H\u0131\u015f\u0131ro\u011flu ve karde\u015fleri taraf\u0131ndan \u00c7orum&#8217;da kurulmu\u015ftur. \u0130lk olarak imalat ile \u00e7\u0131kt\u0131klar\u0131 yola daha sonra T\u00fcrkiye&#8217;nin bir \u00e7ok noktas\u0131na perakende sat\u0131\u015f yapmaya ba\u015flayarak devam etmi\u015flerdir.<\/p><p>Leblebinin b\u00fct\u00fcn \u00e7e\u015fitlerinin imalat\u0131n\u0131 bizzat kendileri ger\u00e7ekle\u015ftiren firma y\u0131llar\u0131n verdi\u011fi tecr\u00fcbe ile \u00fcr\u00fcnlerine lezzet katmaktad\u0131r. Kuruldu\u011fu g\u00fcnden bug\u00fcne geli\u015fmeye devam eden firma \u015fuan 4 \u015fube ve g\u00fcler y\u00fczl\u00fc 15 \u00e7al\u0131\u015fan ile \u00c7orum merkezde m\u00fc\u015fterilerine hizmet vermektedir.<\/p><p>H\u0131\u015f\u0131ro\u011flu Kuruyemi\u015f olarak firman\u0131n kuruldu\u011fu g\u00fcnden itibaren \u00f6nem verdi\u011fi de\u011ferlerin en ba\u015f\u0131nda, kaliteden \u00f6d\u00fcn vermeden, m\u00fc\u015fteri memnuniyeti odakl\u0131 ve hijyenik hizmet sunmak gelmektedir.\u00a0<\/p><p>Taze ve kaliteli \u00fcr\u00fcnleri ile m\u00fc\u015fterilerinin de\u011fi\u015fmez lezzet noktas\u0131 haline gelen firma, geni\u015f \u00fcr\u00fcn yelpazesi ile de damaklarda farkl\u0131 lezzetler b\u0131rakmaya ve s\u0131radan hale gelmi\u015f leblebiyi farkl\u0131 tatlarda sunarak m\u00fc\u015fterilerini \u015fa\u015f\u0131rtmaya devam etmektedir. Babadan o\u011fula ge\u00e7en mis kokulu bu de\u011ferli miras g\u00fcn\u00fcm\u00fcz yeniliklerini takip ederek kendini her zaman rakiplerinden bir ad\u0131m \u00f6ne ta\u015f\u0131m\u0131\u015ft\u0131r.\u00a0<\/p><p>Kalite deyince akla gelen ilk firma olan H\u0131\u015f\u0131ro\u011flu Kuruyemi\u015f siz de\u011ferli m\u00fc\u015fterilerine en iyi hizmeti sunabilmek i\u00e7in b\u00fct\u00fcn g\u00fcc\u00fcyle \u00e7al\u0131\u015fmaktad\u0131e<\/p>\t\t\t\t\t\t<\/div>\n\t\t\t\t<\/div>\n\t\t\t\t<div class=\"elementor-element elementor-element-e6c0009 elementor-widget elementor-widget-spacer\" data-id=\"e6c0009\" data-element_type=\"widget\" data-settings=\"{&quot;ekit_we_effect_on&quot;:&quot;none&quot;}\" data-widget_type=\"spacer.default\">\n\t\t\t\t<div class=\"elementor-widget-container\">\n\t\t\t\t\t<div class=\"elementor-spacer\">\n\t\t\t<div class=\"elementor-spacer-inner\"><\/div>\n\t\t<\/div>\n\t\t\t\t<\/div>\n\t\t\t\t<\/div>\n\t\t\t\t<div class=\"elementor-element elementor-element-7708d32 elementor-widget elementor-widget-spacer\" data-id=\"7708d32\" data-element_type=\"widget\" data-settings=\"{&quot;ekit_we_effect_on&quot;:&quot;none&quot;}\" data-widget_type=\"spacer.default\">\n\t\t\t\t<div class=\"elementor-widget-container\">\n\t\t\t\t\t<div class=\"elementor-spacer\">\n\t\t\t<div class=\"elementor-spacer-inner\"><\/div>\n\t\t<\/div>\n\t\t\t\t<\/div>\n\t\t\t\t<\/div>\n\t\t\t\t\t<\/div>\n\t\t<\/div>\n\t\t\t\t\t\t\t<\/div>\n\t\t<\/section>\n\t\t\t\t\t<\/div>\n\t\t<\/div>\n\t\t\t\t\t\t\t<\/div>\n\t\t<\/section>\n\t\t\t\t<section class=\"elementor-section elementor-top-section elementor-element elementor-element-b57177a elementor-section-content-middle elementor-section-full_width elementor-section-stretched elementor-section-height-default elementor-section-height-default\" data-id=\"b57177a\" data-element_type=\"section\" data-settings=\"{&quot;background_background&quot;:&quot;classic&quot;,&quot;ekit_section_parallax_multi_items&quot;:[{&quot;_id&quot;:&quot;6a5b8fd&quot;,&quot;parallax_style&quot;:&quot;mousemove&quot;,&quot;image&quot;:{&quot;url&quot;:&quot;https:\\\/\\\/hisiroglu.com.tr\\\/wp-content\\\/uploads\\\/2021\\\/12\\\/3fb7f822f068cf33ec29507bc8a76684-removebg-preview.png&quot;,&quot;id&quot;:386,&quot;alt&quot;:&quot;&quot;,&quot;source&quot;:&quot;library&quot;},&quot;pos_x&quot;:{&quot;unit&quot;:&quot;%&quot;,&quot;size&quot;:35,&quot;sizes&quot;:[]},&quot;pos_y&quot;:{&quot;unit&quot;:&quot;%&quot;,&quot;size&quot;:45,&quot;sizes&quot;:[]},&quot;zindex&quot;:2,&quot;pos_x_mobile&quot;:{&quot;unit&quot;:&quot;px&quot;,&quot;size&quot;:337,&quot;sizes&quot;:[]},&quot;pos_y_mobile&quot;:{&quot;unit&quot;:&quot;px&quot;,&quot;size&quot;:12,&quot;sizes&quot;:[]},&quot;item_source&quot;:&quot;image&quot;,&quot;shape&quot;:null,&quot;shape_color&quot;:null,&quot;width_type&quot;:&quot;&quot;,&quot;custom_width&quot;:null,&quot;source_rotate&quot;:{&quot;unit&quot;:&quot;deg&quot;,&quot;size&quot;:0,&quot;sizes&quot;:[]},&quot;parallax_blur_effect&quot;:{&quot;unit&quot;:&quot;px&quot;,&quot;size&quot;:0,&quot;sizes&quot;:[]},&quot;animation&quot;:null,&quot;animation_tablet&quot;:null,&quot;animation_mobile&quot;:null,&quot;item_opacity&quot;:&quot;1&quot;,&quot;animation_speed&quot;:null,&quot;animation_iteration_count&quot;:null,&quot;animation_direction&quot;:null,&quot;parallax_speed&quot;:40,&quot;parallax_transform&quot;:null,&quot;parallax_transform_value&quot;:null,&quot;smoothness&quot;:null,&quot;offsettop&quot;:null,&quot;offsetbottom&quot;:null,&quot;maxtilt&quot;:null,&quot;scale&quot;:null,&quot;disableaxis&quot;:null}],&quot;ekit_section_parallax_multi&quot;:&quot;yes&quot;,&quot;ekit_section_parallax_bg&quot;:&quot;yes&quot;,&quot;stretch_section&quot;:&quot;section-stretched&quot;,&quot;ekit_section_parallax_bg_speed&quot;:0.5,&quot;ekit_has_onepagescroll_dot&quot;:&quot;yes&quot;}\">\n\t\t\t\t\t\t<div class=\"elementor-container elementor-column-gap-default\">\n\t\t\t\t\t<div class=\"elementor-column elementor-col-50 elementor-top-column elementor-element elementor-element-ae750c9\" data-id=\"ae750c9\" data-element_type=\"column\">\n\t\t\t<div class=\"elementor-widget-wrap elementor-element-populated\">\n\t\t\t\t\t\t\t\t<div class=\"elementor-element elementor-element-3bdc284 elementor-widget elementor-widget-image\" data-id=\"3bdc284\" data-element_type=\"widget\" data-settings=\"{&quot;ekit_we_effect_on&quot;:&quot;mousemove&quot;,&quot;ekit_we_mousemove_parallax_speed&quot;:50,&quot;ekit_we_on_test_mode&quot;:&quot;on&quot;}\" data-widget_type=\"image.default\">\n\t\t\t\t<div class=\"elementor-widget-container\">\n\t\t\t<style>\/*! elementor - v3.5.3 - 28-12-2021 *\/\n.elementor-widget-image{text-align:center}.elementor-widget-image a{display:inline-block}.elementor-widget-image a img[src$=\".svg\"]{width:48px}.elementor-widget-image img{vertical-align:middle;display:inline-block}<\/style>\t\t\t\t\t\t\t\t\t\t\t\t<img loading=\"lazy\" decoding=\"async\" width=\"375\" height=\"375\" src=\"https:\/\/hisiroglu.com.tr\/wp-content\/uploads\/2021\/12\/5aefbbc2a784f7bf252a4ead945b5ff8-removebg-preview.png\" class=\"attachment-large size-large\" alt=\"\" srcset=\"https:\/\/hisiroglu.com.tr\/wp-content\/uploads\/2021\/12\/5aefbbc2a784f7bf252a4ead945b5ff8-removebg-preview.png 375w, https:\/\/hisiroglu.com.tr\/wp-content\/uploads\/2021\/12\/5aefbbc2a784f7bf252a4ead945b5ff8-removebg-preview-300x300.png 300w, https:\/\/hisiroglu.com.tr\/wp-content\/uploads\/2021\/12\/5aefbbc2a784f7bf252a4ead945b5ff8-removebg-preview-150x150.png 150w, https:\/\/hisiroglu.com.tr\/wp-content\/uploads\/2021\/12\/5aefbbc2a784f7bf252a4ead945b5ff8-removebg-preview-146x146.png 146w, https:\/\/hisiroglu.com.tr\/wp-content\/uploads\/2021\/12\/5aefbbc2a784f7bf252a4ead945b5ff8-removebg-preview-50x50.png 50w, https:\/\/hisiroglu.com.tr\/wp-content\/uploads\/2021\/12\/5aefbbc2a784f7bf252a4ead945b5ff8-removebg-preview-75x75.png 75w, https:\/\/hisiroglu.com.tr\/wp-content\/uploads\/2021\/12\/5aefbbc2a784f7bf252a4ead945b5ff8-removebg-preview-85x85.png 85w, https:\/\/hisiroglu.com.tr\/wp-content\/uploads\/2021\/12\/5aefbbc2a784f7bf252a4ead945b5ff8-removebg-preview-80x80.png 80w\" sizes=\"auto, (max-width: 375px) 100vw, 375px\" \/>\t\t\t\t\t\t\t\t\t\t\t\t\t\t\t<\/div>\n\t\t\t\t<\/div>\n\t\t\t\t\t<\/div>\n\t\t<\/div>\n\t\t\t\t<div class=\"elementor-column elementor-col-50 elementor-top-column elementor-element elementor-element-3c9c295\" data-id=\"3c9c295\" data-element_type=\"column\">\n\t\t\t<div class=\"elementor-widget-wrap elementor-element-populated\">\n\t\t\t\t\t\t\t\t<div class=\"elementor-element elementor-element-948bf12 elementor-widget elementor-widget-elementskit-heading\" data-id=\"948bf12\" data-element_type=\"widget\" data-settings=\"{&quot;ekit_we_effect_on&quot;:&quot;none&quot;}\" data-widget_type=\"elementskit-heading.default\">\n\t\t\t\t<div class=\"elementor-widget-container\">\n\t\t\t<div class=\"ekit-wid-con\" ><div class=\"ekit-heading elementskit-section-title-wraper text_center   ekit_heading_tablet-   ekit_heading_mobile-text_center\"><h2 class=\"ekit-heading--title elementskit-section-title \">\n\t\t\t\t\tOnline Ma\u011fazam\u0131zdan Sipari\u015f Verebilirsiniz\n\t\t\t\t<\/h2><\/div><\/div>\t\t<\/div>\n\t\t\t\t<\/div>\n\t\t\t\t<div class=\"elementor-element elementor-element-929ad07 elementor-widget elementor-widget-elementskit-button\" data-id=\"929ad07\" data-element_type=\"widget\" data-settings=\"{&quot;ekit_we_effect_on&quot;:&quot;none&quot;}\" data-widget_type=\"elementskit-button.default\">\n\t\t\t\t<div class=\"elementor-widget-container\">\n\t\t\t<div class=\"ekit-wid-con\" >\t\t<div class=\"ekit-btn-wraper\">\n\t\t\t\t\t\t\t<a href=\"#\" class=\"elementskit-btn  whitespace--normal\" >\n\t\t\t\t\tONL\u0130NE MA\u011eAZA\n\t\t\t\t\t\n\t\t\t\t<\/a>\n\t\t\t\t\t\t<\/div>\n        <\/div>\t\t<\/div>\n\t\t\t\t<\/div>\n\t\t\t\t\t<\/div>\n\t\t<\/div>\n\t\t\t\t\t\t\t<\/div>\n\t\t<\/section>\n\t\t\t\t\t\t<\/div>\n\t\t\t\t\t<\/div>\n\t\t","protected":false},"excerpt":{"rendered":"<p>KURUMSAL H\u0131\u015f\u0131ro\u011flu Hakk\u0131nda H\u0131\u015f\u0131ro\u011flu Kuruyemi\u015f 1954 y\u0131l\u0131nda Hac\u0131 \u0130smet H\u0131\u015f\u0131ro\u011flu ve karde\u015fleri taraf\u0131ndan \u00c7orum&#8217;da kurulmu\u015ftur. \u0130lk olarak imalat ile \u00e7\u0131kt\u0131klar\u0131 yola daha sonra T\u00fcrkiye&#8217;nin bir \u00e7ok<span class=\"excerpt-hellip\"> [\u2026]<\/span><\/p>\n","protected":false},"author":1,"featured_media":0,"parent":0,"menu_order":0,"comment_status":"closed","ping_status":"closed","template":"","meta":{"footnotes":""},"class_list":["post-63","page","type-page","status-publish","hentry"],"yoast_head":"<!-- This site is optimized with the Yoast SEO plugin v18.2 - https:\/\/yoast.com\/wordpress\/plugins\/seo\/ -->\n<title>Hakk\u0131m\u0131zda - H\u0131\u015f\u0131ro\u011flu<\/title>\n<meta name=\"robots\" content=\"index, follow, max-snippet:-1, max-image-preview:large, max-video-preview:-1\" \/>\n<link rel=\"canonical\" href=\"https:\/\/hisiroglu.com.tr\/index.php\/hakkimizda\/\" \/>\n<meta property=\"og:locale\" content=\"tr_TR\" \/>\n<meta property=\"og:type\" content=\"article\" \/>\n<meta property=\"og:title\" content=\"Hakk\u0131m\u0131zda - H\u0131\u015f\u0131ro\u011flu\" \/>\n<meta property=\"og:description\" content=\"KURUMSAL H\u0131\u015f\u0131ro\u011flu Hakk\u0131nda H\u0131\u015f\u0131ro\u011flu Kuruyemi\u015f 1954 y\u0131l\u0131nda Hac\u0131 \u0130smet H\u0131\u015f\u0131ro\u011flu ve karde\u015fleri taraf\u0131ndan \u00c7orum&#8217;da kurulmu\u015ftur. \u0130lk olarak imalat ile \u00e7\u0131kt\u0131klar\u0131 yola daha sonra T\u00fcrkiye&#8217;nin bir \u00e7ok [\u2026]\" \/>\n<meta property=\"og:url\" content=\"https:\/\/hisiroglu.com.tr\/index.php\/hakkimizda\/\" \/>\n<meta property=\"og:site_name\" content=\"H\u0131\u015f\u0131ro\u011flu\" \/>\n<meta property=\"article:modified_time\" content=\"2022-03-07T10:00:45+00:00\" \/>\n<meta property=\"og:image\" content=\"https:\/\/hisiroglu.com.tr\/wp-content\/uploads\/2021\/12\/5aefbbc2a784f7bf252a4ead945b5ff8-removebg-preview.png\" \/>\n<meta name=\"twitter:card\" content=\"summary_large_image\" \/>\n<meta name=\"twitter:label1\" content=\"Tahmini okuma s\u00fcresi\" \/>\n\t<meta name=\"twitter:data1\" content=\"2 dakika\" \/>\n<script type=\"application\/ld+json\" class=\"yoast-schema-graph\">{\"@context\":\"https:\/\/schema.org\",\"@graph\":[{\"@type\":\"WebSite\",\"@id\":\"https:\/\/hisiroglu.com.tr\/#website\",\"url\":\"https:\/\/hisiroglu.com.tr\/\",\"name\":\"H\u0131\u015f\u0131ro\u011flu\",\"description\":\"Kuruyemi\u015f\",\"potentialAction\":[{\"@type\":\"SearchAction\",\"target\":{\"@type\":\"EntryPoint\",\"urlTemplate\":\"https:\/\/hisiroglu.com.tr\/?s={search_term_string}\"},\"query-input\":\"required name=search_term_string\"}],\"inLanguage\":\"tr\"},{\"@type\":\"ImageObject\",\"@id\":\"https:\/\/hisiroglu.com.tr\/index.php\/hakkimizda\/#primaryimage\",\"inLanguage\":\"tr\",\"url\":\"https:\/\/hisiroglu.com.tr\/wp-content\/uploads\/2021\/12\/5aefbbc2a784f7bf252a4ead945b5ff8-removebg-preview.png\",\"contentUrl\":\"https:\/\/hisiroglu.com.tr\/wp-content\/uploads\/2021\/12\/5aefbbc2a784f7bf252a4ead945b5ff8-removebg-preview.png\",\"width\":375,\"height\":375},{\"@type\":\"WebPage\",\"@id\":\"https:\/\/hisiroglu.com.tr\/index.php\/hakkimizda\/#webpage\",\"url\":\"https:\/\/hisiroglu.com.tr\/index.php\/hakkimizda\/\",\"name\":\"Hakk\u0131m\u0131zda - H\u0131\u015f\u0131ro\u011flu\",\"isPartOf\":{\"@id\":\"https:\/\/hisiroglu.com.tr\/#website\"},\"primaryImageOfPage\":{\"@id\":\"https:\/\/hisiroglu.com.tr\/index.php\/hakkimizda\/#primaryimage\"},\"datePublished\":\"2021-03-31T12:15:02+00:00\",\"dateModified\":\"2022-03-07T10:00:45+00:00\",\"breadcrumb\":{\"@id\":\"https:\/\/hisiroglu.com.tr\/index.php\/hakkimizda\/#breadcrumb\"},\"inLanguage\":\"tr\",\"potentialAction\":[{\"@type\":\"ReadAction\",\"target\":[\"https:\/\/hisiroglu.com.tr\/index.php\/hakkimizda\/\"]}]},{\"@type\":\"BreadcrumbList\",\"@id\":\"https:\/\/hisiroglu.com.tr\/index.php\/hakkimizda\/#breadcrumb\",\"itemListElement\":[{\"@type\":\"ListItem\",\"position\":1,\"name\":\"Anasayfa\",\"item\":\"https:\/\/hisiroglu.com.tr\/\"},{\"@type\":\"ListItem\",\"position\":2,\"name\":\"Hakk\u0131m\u0131zda\"}]}]}<\/script>\n<!-- \/ Yoast SEO plugin. -->","yoast_head_json":{"title":"Hakk\u0131m\u0131zda - H\u0131\u015f\u0131ro\u011flu","robots":{"index":"index","follow":"follow","max-snippet":"max-snippet:-1","max-image-preview":"max-image-preview:large","max-video-preview":"max-video-preview:-1"},"canonical":"https:\/\/hisiroglu.com.tr\/index.php\/hakkimizda\/","og_locale":"tr_TR","og_type":"article","og_title":"Hakk\u0131m\u0131zda - H\u0131\u015f\u0131ro\u011flu","og_description":"KURUMSAL H\u0131\u015f\u0131ro\u011flu Hakk\u0131nda H\u0131\u015f\u0131ro\u011flu Kuruyemi\u015f 1954 y\u0131l\u0131nda Hac\u0131 \u0130smet H\u0131\u015f\u0131ro\u011flu ve karde\u015fleri taraf\u0131ndan \u00c7orum&#8217;da kurulmu\u015ftur. \u0130lk olarak imalat ile \u00e7\u0131kt\u0131klar\u0131 yola daha sonra T\u00fcrkiye&#8217;nin bir \u00e7ok [\u2026]","og_url":"https:\/\/hisiroglu.com.tr\/index.php\/hakkimizda\/","og_site_name":"H\u0131\u015f\u0131ro\u011flu","article_modified_time":"2022-03-07T10:00:45+00:00","og_image":[{"url":"https:\/\/hisiroglu.com.tr\/wp-content\/uploads\/2021\/12\/5aefbbc2a784f7bf252a4ead945b5ff8-removebg-preview.png"}],"twitter_card":"summary_large_image","twitter_misc":{"Tahmini okuma s\u00fcresi":"2 dakika"},"schema":{"@context":"https:\/\/schema.org","@graph":[{"@type":"WebSite","@id":"https:\/\/hisiroglu.com.tr\/#website","url":"https:\/\/hisiroglu.com.tr\/","name":"H\u0131\u015f\u0131ro\u011flu","description":"Kuruyemi\u015f","potentialAction":[{"@type":"SearchAction","target":{"@type":"EntryPoint","urlTemplate":"https:\/\/hisiroglu.com.tr\/?s={search_term_string}"},"query-input":"required name=search_term_string"}],"inLanguage":"tr"},{"@type":"ImageObject","@id":"https:\/\/hisiroglu.com.tr\/index.php\/hakkimizda\/#primaryimage","inLanguage":"tr","url":"https:\/\/hisiroglu.com.tr\/wp-content\/uploads\/2021\/12\/5aefbbc2a784f7bf252a4ead945b5ff8-removebg-preview.png","contentUrl":"https:\/\/hisiroglu.com.tr\/wp-content\/uploads\/2021\/12\/5aefbbc2a784f7bf252a4ead945b5ff8-removebg-preview.png","width":375,"height":375},{"@type":"WebPage","@id":"https:\/\/hisiroglu.com.tr\/index.php\/hakkimizda\/#webpage","url":"https:\/\/hisiroglu.com.tr\/index.php\/hakkimizda\/","name":"Hakk\u0131m\u0131zda - H\u0131\u015f\u0131ro\u011flu","isPartOf":{"@id":"https:\/\/hisiroglu.com.tr\/#website"},"primaryImageOfPage":{"@id":"https:\/\/hisiroglu.com.tr\/index.php\/hakkimizda\/#primaryimage"},"datePublished":"2021-03-31T12:15:02+00:00","dateModified":"2022-03-07T10:00:45+00:00","breadcrumb":{"@id":"https:\/\/hisiroglu.com.tr\/index.php\/hakkimizda\/#breadcrumb"},"inLanguage":"tr","potentialAction":[{"@type":"ReadAction","target":["https:\/\/hisiroglu.com.tr\/index.php\/hakkimizda\/"]}]},{"@type":"BreadcrumbList","@id":"https:\/\/hisiroglu.com.tr\/index.php\/hakkimizda\/#breadcrumb","itemListElement":[{"@type":"ListItem","position":1,"name":"Anasayfa","item":"https:\/\/hisiroglu.com.tr\/"},{"@type":"ListItem","position":2,"name":"Hakk\u0131m\u0131zda"}]}]}},"_links":{"self":[{"href":"https:\/\/hisiroglu.com.tr\/index.php\/wp-json\/wp\/v2\/pages\/63","targetHints":{"allow":["GET"]}}],"collection":[{"href":"https:\/\/hisiroglu.com.tr\/index.php\/wp-json\/wp\/v2\/pages"}],"about":[{"href":"https:\/\/hisiroglu.com.tr\/index.php\/wp-json\/wp\/v2\/types\/page"}],"author":[{"embeddable":true,"href":"https:\/\/hisiroglu.com.tr\/index.php\/wp-json\/wp\/v2\/users\/1"}],"replies":[{"embeddable":true,"href":"https:\/\/hisiroglu.com.tr\/index.php\/wp-json\/wp\/v2\/comments?post=63"}],"version-history":[{"count":53,"href":"https:\/\/hisiroglu.com.tr\/index.php\/wp-json\/wp\/v2\/pages\/63\/revisions"}],"predecessor-version":[{"id":1145,"href":"https:\/\/hisiroglu.com.tr\/index.php\/wp-json\/wp\/v2\/pages\/63\/revisions\/1145"}],"wp:attachment":[{"href":"https:\/\/hisiroglu.com.tr\/index.php\/wp-json\/wp\/v2\/media?parent=63"}],"curies":[{"name":"wp","href":"https:\/\/api.w.org\/{rel}","templated":true}]}}