{"id":543,"date":"2022-01-01T12:55:26","date_gmt":"2022-01-01T12:55:26","guid":{"rendered":"https:\/\/hisiroglu.com.tr\/?page_id=543"},"modified":"2022-03-07T10:16:04","modified_gmt":"2022-03-07T10:16:04","slug":"haberler","status":"publish","type":"page","link":"https:\/\/hisiroglu.com.tr\/index.php\/haberler\/","title":{"rendered":"Haberler"},"content":{"rendered":"\t\t<div data-elementor-type=\"wp-page\" data-elementor-id=\"543\" class=\"elementor elementor-543\" data-elementor-settings=\"[]\">\n\t\t\t\t\t\t\t<div class=\"elementor-section-wrap\">\n\t\t\t\t\t\t\t<section class=\"elementor-section elementor-top-section elementor-element elementor-element-1e22165 elementor-section-stretched elementor-section-boxed elementor-section-height-default elementor-section-height-default\" data-id=\"1e22165\" data-element_type=\"section\" data-settings=\"{&quot;stretch_section&quot;:&quot;section-stretched&quot;,&quot;background_background&quot;:&quot;classic&quot;,&quot;ekit_has_onepagescroll_dot&quot;:&quot;yes&quot;}\">\n\t\t\t\t\t\t\t<div class=\"elementor-background-overlay\"><\/div>\n\t\t\t\t\t\t\t<div class=\"elementor-container elementor-column-gap-wider\">\n\t\t\t\t\t<div class=\"elementor-column elementor-col-100 elementor-top-column elementor-element elementor-element-392592e\" data-id=\"392592e\" data-element_type=\"column\">\n\t\t\t<div class=\"elementor-widget-wrap elementor-element-populated\">\n\t\t\t\t\t\t\t\t<div class=\"elementor-element elementor-element-c46839c elementor-widget elementor-widget-spacer\" data-id=\"c46839c\" data-element_type=\"widget\" data-settings=\"{&quot;ekit_we_effect_on&quot;:&quot;none&quot;}\" data-widget_type=\"spacer.default\">\n\t\t\t\t<div class=\"elementor-widget-container\">\n\t\t\t\t\t<div class=\"elementor-spacer\">\n\t\t\t<div class=\"elementor-spacer-inner\"><\/div>\n\t\t<\/div>\n\t\t\t\t<\/div>\n\t\t\t\t<\/div>\n\t\t\t\t<section class=\"elementor-section elementor-inner-section elementor-element elementor-element-bf62b08 elementor-section-boxed elementor-section-height-default elementor-section-height-default\" data-id=\"bf62b08\" data-element_type=\"section\" data-settings=\"{&quot;ekit_has_onepagescroll_dot&quot;:&quot;yes&quot;}\">\n\t\t\t\t\t\t<div class=\"elementor-container elementor-column-gap-default\">\n\t\t\t\t\t<div class=\"elementor-column elementor-col-100 elementor-inner-column elementor-element elementor-element-e092933\" data-id=\"e092933\" data-element_type=\"column\">\n\t\t\t<div class=\"elementor-widget-wrap elementor-element-populated\">\n\t\t\t\t\t\t\t\t<div class=\"elementor-element elementor-element-4a21402 elementor-widget elementor-widget-text-editor\" data-id=\"4a21402\" data-element_type=\"widget\" data-settings=\"{&quot;ekit_we_effect_on&quot;:&quot;none&quot;}\" data-widget_type=\"text-editor.default\">\n\t\t\t\t<div class=\"elementor-widget-container\">\n\t\t\t<style>\/*! elementor - v3.5.3 - 28-12-2021 *\/\n.elementor-widget-text-editor.elementor-drop-cap-view-stacked .elementor-drop-cap{background-color:#818a91;color:#fff}.elementor-widget-text-editor.elementor-drop-cap-view-framed .elementor-drop-cap{color:#818a91;border:3px solid;background-color:transparent}.elementor-widget-text-editor:not(.elementor-drop-cap-view-default) .elementor-drop-cap{margin-top:8px}.elementor-widget-text-editor:not(.elementor-drop-cap-view-default) .elementor-drop-cap-letter{width:1em;height:1em}.elementor-widget-text-editor .elementor-drop-cap{float:left;text-align:center;line-height:1;font-size:50px}.elementor-widget-text-editor .elementor-drop-cap-letter{display:inline-block}<\/style>\t\t\t\t<p><strong><span style=\"color: #ffffff;\">HABERLER<\/span><\/strong><\/p>\t\t\t\t\t\t<\/div>\n\t\t\t\t<\/div>\n\t\t\t\t\t<\/div>\n\t\t<\/div>\n\t\t\t\t\t\t\t<\/div>\n\t\t<\/section>\n\t\t\t\t\t<\/div>\n\t\t<\/div>\n\t\t\t\t\t\t\t<\/div>\n\t\t<\/section>\n\t\t\t\t<section class=\"elementor-section elementor-top-section elementor-element elementor-element-bb3e102 elementor-section-stretched elementor-section-boxed elementor-section-height-default elementor-section-height-default\" data-id=\"bb3e102\" data-element_type=\"section\" data-settings=\"{&quot;stretch_section&quot;:&quot;section-stretched&quot;,&quot;background_background&quot;:&quot;classic&quot;,&quot;ekit_has_onepagescroll_dot&quot;:&quot;yes&quot;}\">\n\t\t\t\t\t\t<div class=\"elementor-container elementor-column-gap-default\">\n\t\t\t\t\t<div class=\"elementor-column elementor-col-100 elementor-top-column elementor-element elementor-element-c19affe\" data-id=\"c19affe\" data-element_type=\"column\">\n\t\t\t<div class=\"elementor-widget-wrap elementor-element-populated\">\n\t\t\t\t\t\t\t\t<div class=\"elementor-element elementor-element-8b9a8bd elementor-widget elementor-widget-spacer\" data-id=\"8b9a8bd\" data-element_type=\"widget\" data-settings=\"{&quot;ekit_we_effect_on&quot;:&quot;none&quot;}\" data-widget_type=\"spacer.default\">\n\t\t\t\t<div class=\"elementor-widget-container\">\n\t\t\t\t\t<div class=\"elementor-spacer\">\n\t\t\t<div class=\"elementor-spacer-inner\"><\/div>\n\t\t<\/div>\n\t\t\t\t<\/div>\n\t\t\t\t<\/div>\n\t\t\t\t<div class=\"elementor-element elementor-element-853f4cf ekit-blog-posts--bg-hover bg-hover-classic elementor-widget elementor-widget-elementskit-blog-posts\" data-id=\"853f4cf\" data-element_type=\"widget\" data-settings=\"{&quot;ekit_we_effect_on&quot;:&quot;none&quot;}\" data-widget_type=\"elementskit-blog-posts.default\">\n\t\t\t\t<div class=\"elementor-widget-container\">\n\t\t\t<div class=\"ekit-wid-con\" >\n        <div id=\"post-items--853f4cf\" class=\"row post-items ekit-blog-posts-content\">\n\n        \n            \n\n            <div class=\"col-lg-4 col-md-6\">\n\n                                    <div class=\"elementskit-post-image-card\">\n                        <div class=\"elementskit-entry-header\">\n                                                            <a href=\"https:\/\/hisiroglu.com.tr\/index.php\/2022\/01\/19\/turkiye-leblebisi-dunya-pazarinda\/\" class=\"elementskit-entry-thumb\">\n                                    <img decoding=\"async\" src=\"https:\/\/hisiroglu.com.tr\/wp-content\/uploads\/2022\/01\/0e603d72220a413d384308bc49bb940a-768x512.jpg\" alt=\"\u00c7ORUM LEBLEB\u0130S\u0130 D\u00dcNYA PAZARINDA\">\n                                <\/a><!-- .elementskit-entry-thumb END -->\n                                                            \n                            \n                                                    <\/div><!-- .elementskit-entry-header END -->\n\n                        <div class=\"elementskit-post-body \">\n                            \n                                                                                                                                                        \n                                        \n                                                                                                <h2 class=\"entry-title\">\n                    <a href=\"https:\/\/hisiroglu.com.tr\/index.php\/2022\/01\/19\/turkiye-leblebisi-dunya-pazarinda\/\">\n                            \u00c7ORUM LEBLEB\u0130S\u0130 D\u00dcNYA PAZARINDA                    <\/a>\n                <\/h2>\n                                                                                                                                                                                            <p>T\u00fcrk \u00e7erez k\u00fclt\u00fcr\u00fcnde vazge\u00e7ilmez bir yeri olan leblebide d\u00fcnya pazar\u0131na g\u00f6nderilen \u00fcr\u00fcn<\/p>\n                                                                                                                                                        <div class=\"btn-wraper\">\n                                                                            <a href=\"https:\/\/hisiroglu.com.tr\/index.php\/2022\/01\/19\/turkiye-leblebisi-dunya-pazarinda\/\" class=\"elementskit-btn  whitespace--normal\" >\n                                            Daha Fazla                                                                                    <\/a>\n                                    \n                                                                    <\/div>\n                                                    <\/div><!-- .elementskit-post-body END -->\n                    <\/div>\n                \n            <\/div>\n\n                    <\/div>\n        \n        \n        <\/div>\t\t<\/div>\n\t\t\t\t<\/div>\n\t\t\t\t<div class=\"elementor-element elementor-element-ca7ce14 elementor-widget elementor-widget-spacer\" data-id=\"ca7ce14\" data-element_type=\"widget\" data-settings=\"{&quot;ekit_we_effect_on&quot;:&quot;none&quot;}\" data-widget_type=\"spacer.default\">\n\t\t\t\t<div class=\"elementor-widget-container\">\n\t\t\t\t\t<div class=\"elementor-spacer\">\n\t\t\t<div class=\"elementor-spacer-inner\"><\/div>\n\t\t<\/div>\n\t\t\t\t<\/div>\n\t\t\t\t<\/div>\n\t\t\t\t\t<\/div>\n\t\t<\/div>\n\t\t\t\t\t\t\t<\/div>\n\t\t<\/section>\n\t\t\t\t\t\t<\/div>\n\t\t\t\t\t<\/div>\n\t\t","protected":false},"excerpt":{"rendered":"<p>HABERLER \u00c7ORUM LEBLEB\u0130S\u0130 D\u00dcNYA PAZARINDA T\u00fcrk \u00e7erez k\u00fclt\u00fcr\u00fcnde vazge\u00e7ilmez bir yeri olan leblebide d\u00fcnya pazar\u0131na g\u00f6nderilen \u00fcr\u00fcn Daha Fazla<\/p>\n","protected":false},"author":1,"featured_media":0,"parent":0,"menu_order":0,"comment_status":"closed","ping_status":"closed","template":"","meta":{"footnotes":""},"class_list":["post-543","page","type-page","status-publish","hentry"],"yoast_head":"<!-- This site is optimized with the Yoast SEO plugin v18.2 - https:\/\/yoast.com\/wordpress\/plugins\/seo\/ -->\n<title>Haberler - H\u0131\u015f\u0131ro\u011flu<\/title>\n<meta name=\"robots\" content=\"index, follow, max-snippet:-1, max-image-preview:large, max-video-preview:-1\" \/>\n<link rel=\"canonical\" href=\"https:\/\/hisiroglu.com.tr\/index.php\/haberler\/\" \/>\n<meta property=\"og:locale\" content=\"tr_TR\" \/>\n<meta property=\"og:type\" content=\"article\" \/>\n<meta property=\"og:title\" content=\"Haberler - H\u0131\u015f\u0131ro\u011flu\" \/>\n<meta property=\"og:description\" content=\"HABERLER \u00c7ORUM LEBLEB\u0130S\u0130 D\u00dcNYA PAZARINDA T\u00fcrk \u00e7erez k\u00fclt\u00fcr\u00fcnde vazge\u00e7ilmez bir yeri olan leblebide d\u00fcnya pazar\u0131na g\u00f6nderilen \u00fcr\u00fcn Daha Fazla\" \/>\n<meta property=\"og:url\" content=\"https:\/\/hisiroglu.com.tr\/index.php\/haberler\/\" \/>\n<meta property=\"og:site_name\" content=\"H\u0131\u015f\u0131ro\u011flu\" \/>\n<meta property=\"article:modified_time\" content=\"2022-03-07T10:16:04+00:00\" \/>\n<meta property=\"og:image\" content=\"https:\/\/hisiroglu.com.tr\/wp-content\/uploads\/2022\/01\/0e603d72220a413d384308bc49bb940a-768x512.jpg\" \/>\n<meta name=\"twitter:card\" content=\"summary_large_image\" \/>\n<meta name=\"twitter:label1\" content=\"Tahmini okuma s\u00fcresi\" \/>\n\t<meta name=\"twitter:data1\" content=\"1 dakika\" \/>\n<script type=\"application\/ld+json\" class=\"yoast-schema-graph\">{\"@context\":\"https:\/\/schema.org\",\"@graph\":[{\"@type\":\"WebSite\",\"@id\":\"https:\/\/hisiroglu.com.tr\/#website\",\"url\":\"https:\/\/hisiroglu.com.tr\/\",\"name\":\"H\u0131\u015f\u0131ro\u011flu\",\"description\":\"Kuruyemi\u015f\",\"potentialAction\":[{\"@type\":\"SearchAction\",\"target\":{\"@type\":\"EntryPoint\",\"urlTemplate\":\"https:\/\/hisiroglu.com.tr\/?s={search_term_string}\"},\"query-input\":\"required name=search_term_string\"}],\"inLanguage\":\"tr\"},{\"@type\":\"ImageObject\",\"@id\":\"https:\/\/hisiroglu.com.tr\/index.php\/haberler\/#primaryimage\",\"inLanguage\":\"tr\",\"url\":\"https:\/\/hisiroglu.com.tr\/wp-content\/uploads\/2022\/01\/0e603d72220a413d384308bc49bb940a.jpg\",\"contentUrl\":\"https:\/\/hisiroglu.com.tr\/wp-content\/uploads\/2022\/01\/0e603d72220a413d384308bc49bb940a.jpg\",\"width\":1500,\"height\":1000},{\"@type\":\"WebPage\",\"@id\":\"https:\/\/hisiroglu.com.tr\/index.php\/haberler\/#webpage\",\"url\":\"https:\/\/hisiroglu.com.tr\/index.php\/haberler\/\",\"name\":\"Haberler - H\u0131\u015f\u0131ro\u011flu\",\"isPartOf\":{\"@id\":\"https:\/\/hisiroglu.com.tr\/#website\"},\"primaryImageOfPage\":{\"@id\":\"https:\/\/hisiroglu.com.tr\/index.php\/haberler\/#primaryimage\"},\"datePublished\":\"2022-01-01T12:55:26+00:00\",\"dateModified\":\"2022-03-07T10:16:04+00:00\",\"breadcrumb\":{\"@id\":\"https:\/\/hisiroglu.com.tr\/index.php\/haberler\/#breadcrumb\"},\"inLanguage\":\"tr\",\"potentialAction\":[{\"@type\":\"ReadAction\",\"target\":[\"https:\/\/hisiroglu.com.tr\/index.php\/haberler\/\"]}]},{\"@type\":\"BreadcrumbList\",\"@id\":\"https:\/\/hisiroglu.com.tr\/index.php\/haberler\/#breadcrumb\",\"itemListElement\":[{\"@type\":\"ListItem\",\"position\":1,\"name\":\"Anasayfa\",\"item\":\"https:\/\/hisiroglu.com.tr\/\"},{\"@type\":\"ListItem\",\"position\":2,\"name\":\"Haberler\"}]}]}<\/script>\n<!-- \/ Yoast SEO plugin. -->","yoast_head_json":{"title":"Haberler - H\u0131\u015f\u0131ro\u011flu","robots":{"index":"index","follow":"follow","max-snippet":"max-snippet:-1","max-image-preview":"max-image-preview:large","max-video-preview":"max-video-preview:-1"},"canonical":"https:\/\/hisiroglu.com.tr\/index.php\/haberler\/","og_locale":"tr_TR","og_type":"article","og_title":"Haberler - H\u0131\u015f\u0131ro\u011flu","og_description":"HABERLER \u00c7ORUM LEBLEB\u0130S\u0130 D\u00dcNYA PAZARINDA T\u00fcrk \u00e7erez k\u00fclt\u00fcr\u00fcnde vazge\u00e7ilmez bir yeri olan leblebide d\u00fcnya pazar\u0131na g\u00f6nderilen \u00fcr\u00fcn Daha Fazla","og_url":"https:\/\/hisiroglu.com.tr\/index.php\/haberler\/","og_site_name":"H\u0131\u015f\u0131ro\u011flu","article_modified_time":"2022-03-07T10:16:04+00:00","og_image":[{"url":"https:\/\/hisiroglu.com.tr\/wp-content\/uploads\/2022\/01\/0e603d72220a413d384308bc49bb940a-768x512.jpg"}],"twitter_card":"summary_large_image","twitter_misc":{"Tahmini okuma s\u00fcresi":"1 dakika"},"schema":{"@context":"https:\/\/schema.org","@graph":[{"@type":"WebSite","@id":"https:\/\/hisiroglu.com.tr\/#website","url":"https:\/\/hisiroglu.com.tr\/","name":"H\u0131\u015f\u0131ro\u011flu","description":"Kuruyemi\u015f","potentialAction":[{"@type":"SearchAction","target":{"@type":"EntryPoint","urlTemplate":"https:\/\/hisiroglu.com.tr\/?s={search_term_string}"},"query-input":"required name=search_term_string"}],"inLanguage":"tr"},{"@type":"ImageObject","@id":"https:\/\/hisiroglu.com.tr\/index.php\/haberler\/#primaryimage","inLanguage":"tr","url":"https:\/\/hisiroglu.com.tr\/wp-content\/uploads\/2022\/01\/0e603d72220a413d384308bc49bb940a.jpg","contentUrl":"https:\/\/hisiroglu.com.tr\/wp-content\/uploads\/2022\/01\/0e603d72220a413d384308bc49bb940a.jpg","width":1500,"height":1000},{"@type":"WebPage","@id":"https:\/\/hisiroglu.com.tr\/index.php\/haberler\/#webpage","url":"https:\/\/hisiroglu.com.tr\/index.php\/haberler\/","name":"Haberler - H\u0131\u015f\u0131ro\u011flu","isPartOf":{"@id":"https:\/\/hisiroglu.com.tr\/#website"},"primaryImageOfPage":{"@id":"https:\/\/hisiroglu.com.tr\/index.php\/haberler\/#primaryimage"},"datePublished":"2022-01-01T12:55:26+00:00","dateModified":"2022-03-07T10:16:04+00:00","breadcrumb":{"@id":"https:\/\/hisiroglu.com.tr\/index.php\/haberler\/#breadcrumb"},"inLanguage":"tr","potentialAction":[{"@type":"ReadAction","target":["https:\/\/hisiroglu.com.tr\/index.php\/haberler\/"]}]},{"@type":"BreadcrumbList","@id":"https:\/\/hisiroglu.com.tr\/index.php\/haberler\/#breadcrumb","itemListElement":[{"@type":"ListItem","position":1,"name":"Anasayfa","item":"https:\/\/hisiroglu.com.tr\/"},{"@type":"ListItem","position":2,"name":"Haberler"}]}]}},"_links":{"self":[{"href":"https:\/\/hisiroglu.com.tr\/index.php\/wp-json\/wp\/v2\/pages\/543","targetHints":{"allow":["GET"]}}],"collection":[{"href":"https:\/\/hisiroglu.com.tr\/index.php\/wp-json\/wp\/v2\/pages"}],"about":[{"href":"https:\/\/hisiroglu.com.tr\/index.php\/wp-json\/wp\/v2\/types\/page"}],"author":[{"embeddable":true,"href":"https:\/\/hisiroglu.com.tr\/index.php\/wp-json\/wp\/v2\/users\/1"}],"replies":[{"embeddable":true,"href":"https:\/\/hisiroglu.com.tr\/index.php\/wp-json\/wp\/v2\/comments?post=543"}],"version-history":[{"count":34,"href":"https:\/\/hisiroglu.com.tr\/index.php\/wp-json\/wp\/v2\/pages\/543\/revisions"}],"predecessor-version":[{"id":1167,"href":"https:\/\/hisiroglu.com.tr\/index.php\/wp-json\/wp\/v2\/pages\/543\/revisions\/1167"}],"wp:attachment":[{"href":"https:\/\/hisiroglu.com.tr\/index.php\/wp-json\/wp\/v2\/media?parent=543"}],"curies":[{"name":"wp","href":"https:\/\/api.w.org\/{rel}","templated":true}]}}